{"id":22,"date":"2023-07-03T15:02:21","date_gmt":"2023-07-03T15:02:21","guid":{"rendered":"https:\/\/web.rkinformatika.net\/autoserdotza\/?page_id=22"},"modified":"2023-07-06T09:04:28","modified_gmt":"2023-07-06T09:04:28","slug":"sobre-nosotros","status":"publish","type":"page","link":"https:\/\/autoserdotza.com\/eu\/sobre-nosotros\/","title":{"rendered":"Guri Buruz"},"content":{"rendered":"<div data-elementor-type=\"wp-page\" data-elementor-id=\"22\" class=\"elementor elementor-22\" data-elementor-post-type=\"page\">\n\t\t\t\t\t\t<section class=\"elementor-section elementor-top-section elementor-element elementor-element-3c6b841 elementor-section-boxed elementor-section-height-default elementor-section-height-default\" data-id=\"3c6b841\" data-element_type=\"section\" data-e-type=\"section\" data-settings=\"{&quot;background_background&quot;:&quot;classic&quot;}\">\n\t\t\t\t\t\t\t<div class=\"elementor-background-overlay\"><\/div>\n\t\t\t\t\t\t\t<div class=\"elementor-container elementor-column-gap-default\">\n\t\t\t\t\t<div class=\"elementor-column elementor-col-100 elementor-top-column elementor-element elementor-element-059eca5\" data-id=\"059eca5\" data-element_type=\"column\" data-e-type=\"column\">\n\t\t\t<div class=\"elementor-widget-wrap\">\n\t\t\t\t\t\t\t<\/div>\n\t\t<\/div>\n\t\t\t\t\t<\/div>\n\t\t<\/section>\n\t\t\t\t<section class=\"elementor-section elementor-top-section elementor-element elementor-element-88edd34 elementor-section-content-middle elementor-reverse-tablet elementor-reverse-mobile elementor-section-boxed elementor-section-height-default elementor-section-height-default\" data-id=\"88edd34\" data-element_type=\"section\" data-e-type=\"section\">\n\t\t\t\t\t\t<div class=\"elementor-container elementor-column-gap-default\">\n\t\t\t\t\t<div class=\"elementor-column elementor-col-50 elementor-top-column elementor-element elementor-element-1b2f8c1\" data-id=\"1b2f8c1\" data-element_type=\"column\" data-e-type=\"column\" data-settings=\"{&quot;background_background&quot;:&quot;classic&quot;}\">\n\t\t\t<div class=\"elementor-widget-wrap elementor-element-populated\">\n\t\t\t\t\t\t<section class=\"elementor-section elementor-inner-section elementor-element elementor-element-0f79053 elementor-section-boxed elementor-section-height-default elementor-section-height-default\" data-id=\"0f79053\" data-element_type=\"section\" data-e-type=\"section\" data-settings=\"{&quot;background_background&quot;:&quot;classic&quot;}\">\n\t\t\t\t\t\t<div class=\"elementor-container elementor-column-gap-no\">\n\t\t\t\t\t<div class=\"elementor-column elementor-col-50 elementor-inner-column elementor-element elementor-element-e201d1e\" data-id=\"e201d1e\" data-element_type=\"column\" data-e-type=\"column\" data-settings=\"{&quot;background_background&quot;:&quot;classic&quot;}\">\n\t\t\t<div class=\"elementor-widget-wrap elementor-element-populated\">\n\t\t\t\t\t\t<div class=\"elementor-element elementor-element-494ccd4 elementor-widget__width-initial elementor-widget elementor-widget-spacer\" data-id=\"494ccd4\" data-element_type=\"widget\" data-e-type=\"widget\" data-widget_type=\"spacer.default\">\n\t\t\t\t<div class=\"elementor-widget-container\">\n\t\t\t\t\t\t\t<div class=\"elementor-spacer\">\n\t\t\t<div class=\"elementor-spacer-inner\"><\/div>\n\t\t<\/div>\n\t\t\t\t\t\t<\/div>\n\t\t\t\t<\/div>\n\t\t\t\t\t<\/div>\n\t\t<\/div>\n\t\t\t\t<div class=\"elementor-column elementor-col-50 elementor-inner-column elementor-element elementor-element-093ba94\" data-id=\"093ba94\" data-element_type=\"column\" data-e-type=\"column\" data-settings=\"{&quot;background_background&quot;:&quot;classic&quot;}\">\n\t\t\t<div class=\"elementor-widget-wrap elementor-element-populated\">\n\t\t\t\t\t\t<div class=\"elementor-element elementor-element-c56e330 elementor-widget elementor-widget-spacer\" data-id=\"c56e330\" data-element_type=\"widget\" data-e-type=\"widget\" data-widget_type=\"spacer.default\">\n\t\t\t\t<div class=\"elementor-widget-container\">\n\t\t\t\t\t\t\t<div class=\"elementor-spacer\">\n\t\t\t<div class=\"elementor-spacer-inner\"><\/div>\n\t\t<\/div>\n\t\t\t\t\t\t<\/div>\n\t\t\t\t<\/div>\n\t\t\t\t\t<\/div>\n\t\t<\/div>\n\t\t\t\t\t<\/div>\n\t\t<\/section>\n\t\t\t\t<section class=\"elementor-section elementor-inner-section elementor-element elementor-element-ccd9380 elementor-section-content-middle elementor-section-boxed elementor-section-height-default elementor-section-height-default\" data-id=\"ccd9380\" data-element_type=\"section\" data-e-type=\"section\">\n\t\t\t\t\t\t<div class=\"elementor-container elementor-column-gap-no\">\n\t\t\t\t\t<div class=\"elementor-column elementor-col-100 elementor-inner-column elementor-element elementor-element-beace36\" data-id=\"beace36\" data-element_type=\"column\" data-e-type=\"column\" data-settings=\"{&quot;background_background&quot;:&quot;classic&quot;}\">\n\t\t\t<div class=\"elementor-widget-wrap elementor-element-populated\">\n\t\t\t\t\t\t<div class=\"elementor-element elementor-element-5bc1085 elementor-widget elementor-widget-spacer\" data-id=\"5bc1085\" data-element_type=\"widget\" data-e-type=\"widget\" data-widget_type=\"spacer.default\">\n\t\t\t\t<div class=\"elementor-widget-container\">\n\t\t\t\t\t\t\t<div class=\"elementor-spacer\">\n\t\t\t<div class=\"elementor-spacer-inner\"><\/div>\n\t\t<\/div>\n\t\t\t\t\t\t<\/div>\n\t\t\t\t<\/div>\n\t\t\t\t\t<\/div>\n\t\t<\/div>\n\t\t\t\t\t<\/div>\n\t\t<\/section>\n\t\t\t\t\t<\/div>\n\t\t<\/div>\n\t\t\t\t<div class=\"elementor-column elementor-col-50 elementor-top-column elementor-element elementor-element-50e2196\" data-id=\"50e2196\" data-element_type=\"column\" data-e-type=\"column\">\n\t\t\t<div class=\"elementor-widget-wrap elementor-element-populated\">\n\t\t\t\t\t\t<div class=\"elementor-element elementor-element-5d8884f elementor-widget elementor-widget-heading\" data-id=\"5d8884f\" data-element_type=\"widget\" data-e-type=\"widget\" data-widget_type=\"heading.default\">\n\t\t\t\t<div class=\"elementor-widget-container\">\n\t\t\t\t\t<h2 class=\"elementor-heading-title elementor-size-default\">Guri Buruz<\/h2>\t\t\t\t<\/div>\n\t\t\t\t<\/div>\n\t\t\t\t<div class=\"elementor-element elementor-element-4747a94 elementor-widget elementor-widget-text-editor\" data-id=\"4747a94\" data-element_type=\"widget\" data-e-type=\"widget\" data-widget_type=\"text-editor.default\">\n\t\t\t\t<div class=\"elementor-widget-container\">\n\t\t\t\t\t\t\t\t\t<p>Autos Erdotza, 1983an sortutako enpresa. Ibilgailuen mantentze-lanetan espezializatutako tailer mekaniko multimarka, automobilaren zerbitzu integrala. Olioa, iragazkiak, bateriak, bujiak, balaztak, pneumatikoak, motelgailuak, etab. aldatzea<\/p>\t\t\t\t\t\t\t\t<\/div>\n\t\t\t\t<\/div>\n\t\t\t\t<section class=\"elementor-section elementor-inner-section elementor-element elementor-element-232c112 elementor-section-content-middle elementor-section-boxed elementor-section-height-default elementor-section-height-default\" data-id=\"232c112\" data-element_type=\"section\" data-e-type=\"section\">\n\t\t\t\t\t\t<div class=\"elementor-container elementor-column-gap-no\">\n\t\t\t\t\t<div class=\"elementor-column elementor-col-50 elementor-inner-column elementor-element elementor-element-7b63763\" data-id=\"7b63763\" data-element_type=\"column\" data-e-type=\"column\">\n\t\t\t<div class=\"elementor-widget-wrap elementor-element-populated\">\n\t\t\t\t\t\t<div class=\"elementor-element elementor-element-a066087 elementor-widget__width-initial elementor-widget elementor-widget-text-editor\" data-id=\"a066087\" data-element_type=\"widget\" data-e-type=\"widget\" data-widget_type=\"text-editor.default\">\n\t\t\t\t<div class=\"elementor-widget-container\">\n\t\t\t\t\t\t\t\t\t<p>Diagnosia egiteko makina eta etengabe prestakuntzan, merkatuaren gaurkotasunarekin jarraitzeko. Ordezko pieza ofizialak eta kalitate handiko produktuak erabiltzen ditugu, ibilgailu bakoitzaren beharretara egokituta.\u00a0<\/p>\t\t\t\t\t\t\t\t<\/div>\n\t\t\t\t<\/div>\n\t\t\t\t<div class=\"elementor-element elementor-element-9b89dff elementor-align-left elementor-tablet-align-center elementor-mobile-align-center elementor-widget elementor-widget-button\" data-id=\"9b89dff\" data-element_type=\"widget\" data-e-type=\"widget\" data-widget_type=\"button.default\">\n\t\t\t\t<div class=\"elementor-widget-container\">\n\t\t\t\t\t\t\t\t\t<div class=\"elementor-button-wrapper\">\n\t\t\t\t\t<a class=\"elementor-button elementor-button-link elementor-size-sm elementor-animation-grow\" href=\"https:\/\/wa.link\/yihtpp\">\n\t\t\t\t\t\t<span class=\"elementor-button-content-wrapper\">\n\t\t\t\t\t\t<span class=\"elementor-button-icon\">\n\t\t\t\t<i aria-hidden=\"true\" class=\"jki jki-whatsapp-1-light\"><\/i>\t\t\t<\/span>\n\t\t\t\t\t\t\t\t\t<span class=\"elementor-button-text\">Aurrekontua<\/span>\n\t\t\t\t\t<\/span>\n\t\t\t\t\t<\/a>\n\t\t\t\t<\/div>\n\t\t\t\t\t\t\t\t<\/div>\n\t\t\t\t<\/div>\n\t\t\t\t\t<\/div>\n\t\t<\/div>\n\t\t\t\t<div class=\"elementor-column elementor-col-50 elementor-inner-column elementor-element elementor-element-2c69d2f\" data-id=\"2c69d2f\" data-element_type=\"column\" data-e-type=\"column\" data-settings=\"{&quot;background_background&quot;:&quot;classic&quot;}\">\n\t\t\t<div class=\"elementor-widget-wrap elementor-element-populated\">\n\t\t\t\t\t<div class=\"elementor-background-overlay\"><\/div>\n\t\t\t\t\t\t<div class=\"elementor-element elementor-element-d185993 elementor-widget elementor-widget-spacer\" data-id=\"d185993\" data-element_type=\"widget\" data-e-type=\"widget\" data-widget_type=\"spacer.default\">\n\t\t\t\t<div class=\"elementor-widget-container\">\n\t\t\t\t\t\t\t<div class=\"elementor-spacer\">\n\t\t\t<div class=\"elementor-spacer-inner\"><\/div>\n\t\t<\/div>\n\t\t\t\t\t\t<\/div>\n\t\t\t\t<\/div>\n\t\t\t\t<div class=\"elementor-element elementor-element-272e25b elementor-widget elementor-widget-spacer\" data-id=\"272e25b\" data-element_type=\"widget\" data-e-type=\"widget\" data-widget_type=\"spacer.default\">\n\t\t\t\t<div class=\"elementor-widget-container\">\n\t\t\t\t\t\t\t<div class=\"elementor-spacer\">\n\t\t\t<div class=\"elementor-spacer-inner\"><\/div>\n\t\t<\/div>\n\t\t\t\t\t\t<\/div>\n\t\t\t\t<\/div>\n\t\t\t\t\t<\/div>\n\t\t<\/div>\n\t\t\t\t\t<\/div>\n\t\t<\/section>\n\t\t\t\t\t<\/div>\n\t\t<\/div>\n\t\t\t\t\t<\/div>\n\t\t<\/section>\n\t\t\t\t<\/div>","protected":false},"excerpt":{"rendered":"<p>Sobre Nosotros Autos Erdotza, empresa fundada en el a\u00f1o 1983. Taller mec\u00e1nico multimarca especializado en el mantenimiento de veh\u00edculos, servicio integral del autom\u00f3vil. Cambio de aceite, filtros, bater\u00edas, buj\u00edas, frenos, neum\u00e1ticos, amortiguadores, etc&#8230; Tambi\u00e9n disponemos de maquinaria para la diagnosis y en continua formaci\u00f3n para seguir con la actualidad del mercado. Utilizamos repuestos oficiales y [&hellip;]<\/p>\n","protected":false},"author":1,"featured_media":0,"parent":0,"menu_order":0,"comment_status":"closed","ping_status":"closed","template":"","meta":{"footnotes":""},"class_list":["post-22","page","type-page","status-publish","hentry"],"yoast_head":"<!-- This site is optimized with the Yoast SEO plugin v27.5 - https:\/\/yoast.com\/product\/yoast-seo-wordpress\/ -->\n<title>Sobre Nosotros - AUTOS ERDOTZA S.L.<\/title>\n<meta name=\"robots\" content=\"index, follow, max-snippet:-1, max-image-preview:large, max-video-preview:-1\" \/>\n<link rel=\"canonical\" href=\"https:\/\/autoserdotza.com\/eu\/sobre-nosotros\/\" \/>\n<meta property=\"og:locale\" content=\"en_US\" \/>\n<meta property=\"og:type\" content=\"article\" \/>\n<meta property=\"og:title\" content=\"Sobre Nosotros - AUTOS ERDOTZA S.L.\" \/>\n<meta property=\"og:description\" content=\"Sobre Nosotros Autos Erdotza, empresa fundada en el a\u00f1o 1983. Taller mec\u00e1nico multimarca especializado en el mantenimiento de veh\u00edculos, servicio integral del autom\u00f3vil. Cambio de aceite, filtros, bater\u00edas, buj\u00edas, frenos, neum\u00e1ticos, amortiguadores, etc&#8230; Tambi\u00e9n disponemos de maquinaria para la diagnosis y en continua formaci\u00f3n para seguir con la actualidad del mercado. Utilizamos repuestos oficiales y [&hellip;]\" \/>\n<meta property=\"og:url\" content=\"https:\/\/autoserdotza.com\/eu\/sobre-nosotros\/\" \/>\n<meta property=\"og:site_name\" content=\"AUTOS ERDOTZA S.L.\" \/>\n<meta property=\"article:modified_time\" content=\"2023-07-06T09:04:28+00:00\" \/>\n<meta name=\"twitter:card\" content=\"summary_large_image\" \/>\n<meta name=\"twitter:label1\" content=\"Est. reading time\" \/>\n\t<meta name=\"twitter:data1\" content=\"1 minutua\" \/>\n<script type=\"application\/ld+json\" class=\"yoast-schema-graph\">{\"@context\":\"https:\\\/\\\/schema.org\",\"@graph\":[{\"@type\":\"WebPage\",\"@id\":\"https:\\\/\\\/autoserdotza.com\\\/sobre-nosotros\\\/\",\"url\":\"https:\\\/\\\/autoserdotza.com\\\/sobre-nosotros\\\/\",\"name\":\"Sobre Nosotros - AUTOS ERDOTZA S.L.\",\"isPartOf\":{\"@id\":\"https:\\\/\\\/autoserdotza.com\\\/#website\"},\"datePublished\":\"2023-07-03T15:02:21+00:00\",\"dateModified\":\"2023-07-06T09:04:28+00:00\",\"breadcrumb\":{\"@id\":\"https:\\\/\\\/autoserdotza.com\\\/sobre-nosotros\\\/#breadcrumb\"},\"inLanguage\":\"eu\",\"potentialAction\":[{\"@type\":\"ReadAction\",\"target\":[\"https:\\\/\\\/autoserdotza.com\\\/sobre-nosotros\\\/\"]}]},{\"@type\":\"BreadcrumbList\",\"@id\":\"https:\\\/\\\/autoserdotza.com\\\/sobre-nosotros\\\/#breadcrumb\",\"itemListElement\":[{\"@type\":\"ListItem\",\"position\":1,\"name\":\"Portada\",\"item\":\"https:\\\/\\\/autoserdotza.com\\\/\"},{\"@type\":\"ListItem\",\"position\":2,\"name\":\"Sobre Nosotros\"}]},{\"@type\":\"WebSite\",\"@id\":\"https:\\\/\\\/autoserdotza.com\\\/#website\",\"url\":\"https:\\\/\\\/autoserdotza.com\\\/\",\"name\":\"AUTOS ERDOTZA S.L.\",\"description\":\"Mantemiento y reparacion de vehiculos de motor\",\"publisher\":{\"@id\":\"https:\\\/\\\/autoserdotza.com\\\/#organization\"},\"potentialAction\":[{\"@type\":\"SearchAction\",\"target\":{\"@type\":\"EntryPoint\",\"urlTemplate\":\"https:\\\/\\\/autoserdotza.com\\\/?s={search_term_string}\"},\"query-input\":{\"@type\":\"PropertyValueSpecification\",\"valueRequired\":true,\"valueName\":\"search_term_string\"}}],\"inLanguage\":\"eu\"},{\"@type\":\"Organization\",\"@id\":\"https:\\\/\\\/autoserdotza.com\\\/#organization\",\"name\":\"AUTOS ERDOTZA S.L.\",\"url\":\"https:\\\/\\\/autoserdotza.com\\\/\",\"logo\":{\"@type\":\"ImageObject\",\"inLanguage\":\"eu\",\"@id\":\"https:\\\/\\\/autoserdotza.com\\\/#\\\/schema\\\/logo\\\/image\\\/\",\"url\":\"https:\\\/\\\/autoserdotza.com\\\/wp-content\\\/uploads\\\/2023\\\/07\\\/cropped-Logo_Mesa-de-trabajo-1.png\",\"contentUrl\":\"https:\\\/\\\/autoserdotza.com\\\/wp-content\\\/uploads\\\/2023\\\/07\\\/cropped-Logo_Mesa-de-trabajo-1.png\",\"width\":1919,\"height\":948,\"caption\":\"AUTOS ERDOTZA S.L.\"},\"image\":{\"@id\":\"https:\\\/\\\/autoserdotza.com\\\/#\\\/schema\\\/logo\\\/image\\\/\"}}]}<\/script>\n<!-- \/ Yoast SEO plugin. -->","yoast_head_json":{"title":"Sobre Nosotros - AUTOS ERDOTZA S.L.","robots":{"index":"index","follow":"follow","max-snippet":"max-snippet:-1","max-image-preview":"max-image-preview:large","max-video-preview":"max-video-preview:-1"},"canonical":"https:\/\/autoserdotza.com\/eu\/sobre-nosotros\/","og_locale":"en_US","og_type":"article","og_title":"Sobre Nosotros - AUTOS ERDOTZA S.L.","og_description":"Sobre Nosotros Autos Erdotza, empresa fundada en el a\u00f1o 1983. Taller mec\u00e1nico multimarca especializado en el mantenimiento de veh\u00edculos, servicio integral del autom\u00f3vil. Cambio de aceite, filtros, bater\u00edas, buj\u00edas, frenos, neum\u00e1ticos, amortiguadores, etc&#8230; Tambi\u00e9n disponemos de maquinaria para la diagnosis y en continua formaci\u00f3n para seguir con la actualidad del mercado. Utilizamos repuestos oficiales y [&hellip;]","og_url":"https:\/\/autoserdotza.com\/eu\/sobre-nosotros\/","og_site_name":"AUTOS ERDOTZA S.L.","article_modified_time":"2023-07-06T09:04:28+00:00","twitter_card":"summary_large_image","twitter_misc":{"Est. reading time":"1 minutua"},"schema":{"@context":"https:\/\/schema.org","@graph":[{"@type":"WebPage","@id":"https:\/\/autoserdotza.com\/sobre-nosotros\/","url":"https:\/\/autoserdotza.com\/sobre-nosotros\/","name":"Sobre Nosotros - AUTOS ERDOTZA S.L.","isPartOf":{"@id":"https:\/\/autoserdotza.com\/#website"},"datePublished":"2023-07-03T15:02:21+00:00","dateModified":"2023-07-06T09:04:28+00:00","breadcrumb":{"@id":"https:\/\/autoserdotza.com\/sobre-nosotros\/#breadcrumb"},"inLanguage":"eu","potentialAction":[{"@type":"ReadAction","target":["https:\/\/autoserdotza.com\/sobre-nosotros\/"]}]},{"@type":"BreadcrumbList","@id":"https:\/\/autoserdotza.com\/sobre-nosotros\/#breadcrumb","itemListElement":[{"@type":"ListItem","position":1,"name":"Portada","item":"https:\/\/autoserdotza.com\/"},{"@type":"ListItem","position":2,"name":"Sobre Nosotros"}]},{"@type":"WebSite","@id":"https:\/\/autoserdotza.com\/#website","url":"https:\/\/autoserdotza.com\/","name":"AUTOS ERDOTZA S.L.","description":"Mantemiento y reparacion de vehiculos de motor","publisher":{"@id":"https:\/\/autoserdotza.com\/#organization"},"potentialAction":[{"@type":"SearchAction","target":{"@type":"EntryPoint","urlTemplate":"https:\/\/autoserdotza.com\/?s={search_term_string}"},"query-input":{"@type":"PropertyValueSpecification","valueRequired":true,"valueName":"search_term_string"}}],"inLanguage":"eu"},{"@type":"Organization","@id":"https:\/\/autoserdotza.com\/#organization","name":"AUTOS ERDOTZA S.L.","url":"https:\/\/autoserdotza.com\/","logo":{"@type":"ImageObject","inLanguage":"eu","@id":"https:\/\/autoserdotza.com\/#\/schema\/logo\/image\/","url":"https:\/\/autoserdotza.com\/wp-content\/uploads\/2023\/07\/cropped-Logo_Mesa-de-trabajo-1.png","contentUrl":"https:\/\/autoserdotza.com\/wp-content\/uploads\/2023\/07\/cropped-Logo_Mesa-de-trabajo-1.png","width":1919,"height":948,"caption":"AUTOS ERDOTZA S.L."},"image":{"@id":"https:\/\/autoserdotza.com\/#\/schema\/logo\/image\/"}}]}},"_links":{"self":[{"href":"https:\/\/autoserdotza.com\/eu\/wp-json\/wp\/v2\/pages\/22","targetHints":{"allow":["GET"]}}],"collection":[{"href":"https:\/\/autoserdotza.com\/eu\/wp-json\/wp\/v2\/pages"}],"about":[{"href":"https:\/\/autoserdotza.com\/eu\/wp-json\/wp\/v2\/types\/page"}],"author":[{"embeddable":true,"href":"https:\/\/autoserdotza.com\/eu\/wp-json\/wp\/v2\/users\/1"}],"replies":[{"embeddable":true,"href":"https:\/\/autoserdotza.com\/eu\/wp-json\/wp\/v2\/comments?post=22"}],"version-history":[{"count":76,"href":"https:\/\/autoserdotza.com\/eu\/wp-json\/wp\/v2\/pages\/22\/revisions"}],"predecessor-version":[{"id":814,"href":"https:\/\/autoserdotza.com\/eu\/wp-json\/wp\/v2\/pages\/22\/revisions\/814"}],"wp:attachment":[{"href":"https:\/\/autoserdotza.com\/eu\/wp-json\/wp\/v2\/media?parent=22"}],"curies":[{"name":"wp","href":"https:\/\/api.w.org\/{rel}","templated":true}]}}